{"id":686,"date":"2026-02-12T23:47:38","date_gmt":"2026-02-12T23:47:38","guid":{"rendered":"https:\/\/maisoncrouzet.fr\/?post_type=product&#038;p=686"},"modified":"2026-03-22T22:32:44","modified_gmt":"2026-03-22T22:32:44","slug":"brasero-a-domicile","status":"publish","type":"product","link":"https:\/\/maisoncrouzet.fr\/index.php\/product\/brasero-a-domicile\/","title":{"rendered":"Brasero \u00e0 domicile"},"content":{"rendered":"<p>Nous proposons des prestations brasero pour mariages, f\u00eates de famille, \u00e9v\u00e9nements priv\u00e9s ou professionnels.<br \/>\nDes viandes issues de la ferme, une cuisson au feu ma\u00eetris\u00e9e et une cuisine simple, g\u00e9n\u00e9reuse et conviviale.<\/p>\n<p>Prestations sur devis, \u00e0 partir de\u00a0<strong>25 personnes<\/strong>, jusqu\u2019\u00e0 <strong>300 personnes<\/strong>\u00a0selon les \u00e9v\u00e9nements.<\/p>\n<p><em>Prix sur devis, selon le nombre de personnes et le type d\u2019\u00e9v\u00e9nement.<\/em><\/p>\n","protected":false},"excerpt":{"rendered":"<p>Nous proposons des prestations brasero pour mariages, f\u00eates de famille, \u00e9v\u00e9nements priv\u00e9s ou professionnels. Des viandes issues de la ferme, une cuisson au feu ma\u00eetris\u00e9e et une cuisine simple, g\u00e9n\u00e9reuse et conviviale. Prestations sur devis, \u00e0 partir de\u00a025 personnes, jusqu\u2019\u00e0 300 personnes\u00a0selon les \u00e9v\u00e9nements. Prix sur devis, selon le nombre de personnes et le type &hellip; <\/p>\n<p class=\"link-more\"><a href=\"https:\/\/maisoncrouzet.fr\/index.php\/product\/brasero-a-domicile\/\" class=\"more-link\">Continue reading<span class=\"screen-reader-text\"> \u00ab\u00a0Brasero \u00e0 domicile\u00a0\u00bb<\/span><\/a><\/p>\n","protected":false},"featured_media":832,"comment_status":"open","ping_status":"closed","template":"","meta":[],"product_brand":[],"product_cat":[34],"product_tag":[],"class_list":{"0":"post-686","1":"product","2":"type-product","3":"status-publish","4":"has-post-thumbnail","6":"product_cat-prestations","8":"first","9":"instock","10":"shipping-taxable","11":"product-type-simple"},"jetpack_sharing_enabled":true,"_links":{"self":[{"href":"https:\/\/maisoncrouzet.fr\/index.php\/wp-json\/wp\/v2\/product\/686","targetHints":{"allow":["GET"]}}],"collection":[{"href":"https:\/\/maisoncrouzet.fr\/index.php\/wp-json\/wp\/v2\/product"}],"about":[{"href":"https:\/\/maisoncrouzet.fr\/index.php\/wp-json\/wp\/v2\/types\/product"}],"replies":[{"embeddable":true,"href":"https:\/\/maisoncrouzet.fr\/index.php\/wp-json\/wp\/v2\/comments?post=686"}],"wp:featuredmedia":[{"embeddable":true,"href":"https:\/\/maisoncrouzet.fr\/index.php\/wp-json\/wp\/v2\/media\/832"}],"wp:attachment":[{"href":"https:\/\/maisoncrouzet.fr\/index.php\/wp-json\/wp\/v2\/media?parent=686"}],"wp:term":[{"taxonomy":"product_brand","embeddable":true,"href":"https:\/\/maisoncrouzet.fr\/index.php\/wp-json\/wp\/v2\/product_brand?post=686"},{"taxonomy":"product_cat","embeddable":true,"href":"https:\/\/maisoncrouzet.fr\/index.php\/wp-json\/wp\/v2\/product_cat?post=686"},{"taxonomy":"product_tag","embeddable":true,"href":"https:\/\/maisoncrouzet.fr\/index.php\/wp-json\/wp\/v2\/product_tag?post=686"}],"curies":[{"name":"wp","href":"https:\/\/api.w.org\/{rel}","templated":true}]}}