{"id":647,"date":"2026-02-12T23:14:36","date_gmt":"2026-02-12T23:14:36","guid":{"rendered":"https:\/\/maisoncrouzet.fr\/?post_type=product&#038;p=647"},"modified":"2026-03-22T22:37:33","modified_gmt":"2026-03-22T22:37:33","slug":"pave-au-poivre","status":"publish","type":"product","link":"https:\/\/maisoncrouzet.fr\/index.php\/product\/pave-au-poivre\/","title":{"rendered":"Pav\u00e9 au poivre"},"content":{"rendered":"<p><span data-sheets-root=\"1\">Pav\u00e9 maison pur porc relev\u00e9 au poivre, caract\u00e8re affirm\u00e9 et belle longueur en bouche.<\/span><\/p>\n","protected":false},"excerpt":{"rendered":"<p>Pav\u00e9 maison pur porc relev\u00e9 au poivre, caract\u00e8re affirm\u00e9 et belle longueur en bouche.<\/p>\n","protected":false},"featured_media":825,"comment_status":"open","ping_status":"closed","template":"","meta":[],"product_brand":[],"product_cat":[30],"product_tag":[],"class_list":{"0":"post-647","1":"product","2":"type-product","3":"status-publish","4":"has-post-thumbnail","6":"product_cat-charcuterie-seche","8":"first","9":"instock","10":"shipping-taxable","11":"purchasable","12":"product-type-simple"},"jetpack_sharing_enabled":true,"_links":{"self":[{"href":"https:\/\/maisoncrouzet.fr\/index.php\/wp-json\/wp\/v2\/product\/647","targetHints":{"allow":["GET"]}}],"collection":[{"href":"https:\/\/maisoncrouzet.fr\/index.php\/wp-json\/wp\/v2\/product"}],"about":[{"href":"https:\/\/maisoncrouzet.fr\/index.php\/wp-json\/wp\/v2\/types\/product"}],"replies":[{"embeddable":true,"href":"https:\/\/maisoncrouzet.fr\/index.php\/wp-json\/wp\/v2\/comments?post=647"}],"wp:featuredmedia":[{"embeddable":true,"href":"https:\/\/maisoncrouzet.fr\/index.php\/wp-json\/wp\/v2\/media\/825"}],"wp:attachment":[{"href":"https:\/\/maisoncrouzet.fr\/index.php\/wp-json\/wp\/v2\/media?parent=647"}],"wp:term":[{"taxonomy":"product_brand","embeddable":true,"href":"https:\/\/maisoncrouzet.fr\/index.php\/wp-json\/wp\/v2\/product_brand?post=647"},{"taxonomy":"product_cat","embeddable":true,"href":"https:\/\/maisoncrouzet.fr\/index.php\/wp-json\/wp\/v2\/product_cat?post=647"},{"taxonomy":"product_tag","embeddable":true,"href":"https:\/\/maisoncrouzet.fr\/index.php\/wp-json\/wp\/v2\/product_tag?post=647"}],"curies":[{"name":"wp","href":"https:\/\/api.w.org\/{rel}","templated":true}]}}