{"id":638,"date":"2026-02-12T23:03:36","date_gmt":"2026-02-12T23:03:36","guid":{"rendered":"https:\/\/maisoncrouzet.fr\/?post_type=product&#038;p=638"},"modified":"2026-03-22T22:30:29","modified_gmt":"2026-03-22T22:30:29","slug":"saucisson-sec-pur-porc","status":"publish","type":"product","link":"https:\/\/maisoncrouzet.fr\/index.php\/product\/saucisson-sec-pur-porc\/","title":{"rendered":"Saucisson sec pur porc"},"content":{"rendered":"<p><span data-sheets-root=\"1\">Saucisson sec maison, pur porc, go\u00fbt franc et \u00e9quilibr\u00e9<\/span><\/p>\n","protected":false},"excerpt":{"rendered":"<p>Saucisson sec maison, pur porc, go\u00fbt franc et \u00e9quilibr\u00e9<\/p>\n","protected":false},"featured_media":827,"comment_status":"open","ping_status":"closed","template":"","meta":[],"product_brand":[],"product_cat":[30],"product_tag":[],"class_list":{"0":"post-638","1":"product","2":"type-product","3":"status-publish","4":"has-post-thumbnail","6":"product_cat-charcuterie-seche","8":"first","9":"instock","10":"shipping-taxable","11":"purchasable","12":"product-type-simple"},"jetpack_sharing_enabled":true,"_links":{"self":[{"href":"https:\/\/maisoncrouzet.fr\/index.php\/wp-json\/wp\/v2\/product\/638","targetHints":{"allow":["GET"]}}],"collection":[{"href":"https:\/\/maisoncrouzet.fr\/index.php\/wp-json\/wp\/v2\/product"}],"about":[{"href":"https:\/\/maisoncrouzet.fr\/index.php\/wp-json\/wp\/v2\/types\/product"}],"replies":[{"embeddable":true,"href":"https:\/\/maisoncrouzet.fr\/index.php\/wp-json\/wp\/v2\/comments?post=638"}],"wp:featuredmedia":[{"embeddable":true,"href":"https:\/\/maisoncrouzet.fr\/index.php\/wp-json\/wp\/v2\/media\/827"}],"wp:attachment":[{"href":"https:\/\/maisoncrouzet.fr\/index.php\/wp-json\/wp\/v2\/media?parent=638"}],"wp:term":[{"taxonomy":"product_brand","embeddable":true,"href":"https:\/\/maisoncrouzet.fr\/index.php\/wp-json\/wp\/v2\/product_brand?post=638"},{"taxonomy":"product_cat","embeddable":true,"href":"https:\/\/maisoncrouzet.fr\/index.php\/wp-json\/wp\/v2\/product_cat?post=638"},{"taxonomy":"product_tag","embeddable":true,"href":"https:\/\/maisoncrouzet.fr\/index.php\/wp-json\/wp\/v2\/product_tag?post=638"}],"curies":[{"name":"wp","href":"https:\/\/api.w.org\/{rel}","templated":true}]}}