{"id":600,"date":"2026-01-25T14:32:58","date_gmt":"2026-01-25T14:32:58","guid":{"rendered":"https:\/\/maisoncrouzet.fr\/?page_id=600"},"modified":"2026-03-22T21:52:23","modified_gmt":"2026-03-22T21:52:23","slug":"nos-prestations-a-la-ferme-et-ailleurs","status":"publish","type":"page","link":"https:\/\/maisoncrouzet.fr\/index.php\/nos-prestations-a-la-ferme-et-ailleurs\/","title":{"rendered":"Nos prestations, \u00e0 la ferme et ailleurs"},"content":{"rendered":"\n<p>\u00c0 la ferme, on ne fait pas que produire et vendre.<br>On met aussi notre savoir-faire au service des particuliers et des professionnels, autour de la cuisine au feu et des travaux agricoles.<\/p>\n\n\n\n<div class=\"wp-block-buttons is-content-justification-center is-layout-flex wp-container-core-buttons-is-layout-16018d1d wp-block-buttons-is-layout-flex\">\n<div class=\"wp-block-button\"><a class=\"wp-block-button__link wp-element-button\" href=\"#brasero\">Brasero &amp; Tourne-broche<\/a><\/div>\n\n\n\n<div class=\"wp-block-button\"><a class=\"wp-block-button__link wp-element-button\" href=\"#agri\">Travaux agricoles<\/a><\/div>\n<\/div>\n\n\n\n<div style=\"height:70px\" aria-hidden=\"true\" class=\"wp-block-spacer\"><\/div>\n\n\n<div class=\"wp-block-image\">\n<figure class=\"aligncenter size-full is-resized\" id=\"brasero\"><img loading=\"lazy\" decoding=\"async\" width=\"1024\" height=\"667\" src=\"http:\/\/maisoncrouzet.fr\/wp-content\/uploads\/2026\/01\/Vector.png\" alt=\"\" class=\"wp-image-541\" style=\"aspect-ratio:1.535254305051832;width:132px;height:auto\" srcset=\"https:\/\/maisoncrouzet.fr\/wp-content\/uploads\/2026\/01\/Vector.png 1024w, https:\/\/maisoncrouzet.fr\/wp-content\/uploads\/2026\/01\/Vector-300x195.png 300w, https:\/\/maisoncrouzet.fr\/wp-content\/uploads\/2026\/01\/Vector-768x500.png 768w, https:\/\/maisoncrouzet.fr\/wp-content\/uploads\/2026\/01\/Vector-600x391.png 600w\" sizes=\"auto, (max-width: 1024px) 100vw, 1024px\" \/><\/figure>\n<\/div>\n\n\n<h2 class=\"wp-block-heading has-text-align-center has-text-color has-link-color wp-elements-5242c224e300b320fd07fd472a01645e\" style=\"color:#c91009\">Brasero &amp; Tourne-broche<\/h2>\n\n\n\n<figure class=\"wp-block-gallery has-nested-images columns-default is-cropped wp-block-gallery-1 is-layout-flex wp-block-gallery-is-layout-flex\">\n<figure class=\"wp-block-image size-large\"><img loading=\"lazy\" decoding=\"async\" width=\"1024\" height=\"650\" data-id=\"808\" src=\"https:\/\/maisoncrouzet.fr\/wp-content\/uploads\/2026\/03\/image-63-1024x650.jpg\" alt=\"\" class=\"wp-image-808\" srcset=\"https:\/\/maisoncrouzet.fr\/wp-content\/uploads\/2026\/03\/image-63-1024x650.jpg 1024w, https:\/\/maisoncrouzet.fr\/wp-content\/uploads\/2026\/03\/image-63-300x190.jpg 300w, https:\/\/maisoncrouzet.fr\/wp-content\/uploads\/2026\/03\/image-63-768x487.jpg 768w, https:\/\/maisoncrouzet.fr\/wp-content\/uploads\/2026\/03\/image-63-1536x975.jpg 1536w, https:\/\/maisoncrouzet.fr\/wp-content\/uploads\/2026\/03\/image-63-600x381.jpg 600w, https:\/\/maisoncrouzet.fr\/wp-content\/uploads\/2026\/03\/image-63.jpg 1918w\" sizes=\"auto, (max-width: 1024px) 100vw, 1024px\" \/><\/figure>\n\n\n\n<figure class=\"wp-block-image size-large\"><img loading=\"lazy\" decoding=\"async\" width=\"1024\" height=\"768\" data-id=\"809\" src=\"https:\/\/maisoncrouzet.fr\/wp-content\/uploads\/2026\/03\/image-62-1024x768.jpg\" alt=\"\" class=\"wp-image-809\" srcset=\"https:\/\/maisoncrouzet.fr\/wp-content\/uploads\/2026\/03\/image-62-1024x768.jpg 1024w, https:\/\/maisoncrouzet.fr\/wp-content\/uploads\/2026\/03\/image-62-300x225.jpg 300w, https:\/\/maisoncrouzet.fr\/wp-content\/uploads\/2026\/03\/image-62-768x576.jpg 768w, https:\/\/maisoncrouzet.fr\/wp-content\/uploads\/2026\/03\/image-62-1536x1152.jpg 1536w, https:\/\/maisoncrouzet.fr\/wp-content\/uploads\/2026\/03\/image-62-600x450.jpg 600w, https:\/\/maisoncrouzet.fr\/wp-content\/uploads\/2026\/03\/image-62.jpg 2048w\" sizes=\"auto, (max-width: 1024px) 100vw, 1024px\" \/><\/figure>\n\n\n\n<figure class=\"wp-block-image size-large\"><img loading=\"lazy\" decoding=\"async\" width=\"1024\" height=\"576\" data-id=\"526\" src=\"https:\/\/maisoncrouzet.fr\/wp-content\/uploads\/2026\/01\/image-61-1024x576.jpg\" alt=\"\" class=\"wp-image-526\" srcset=\"https:\/\/maisoncrouzet.fr\/wp-content\/uploads\/2026\/01\/image-61-1024x576.jpg 1024w, https:\/\/maisoncrouzet.fr\/wp-content\/uploads\/2026\/01\/image-61-300x169.jpg 300w, https:\/\/maisoncrouzet.fr\/wp-content\/uploads\/2026\/01\/image-61-768x432.jpg 768w, https:\/\/maisoncrouzet.fr\/wp-content\/uploads\/2026\/01\/image-61-1536x864.jpg 1536w, https:\/\/maisoncrouzet.fr\/wp-content\/uploads\/2026\/01\/image-61-600x338.jpg 600w, https:\/\/maisoncrouzet.fr\/wp-content\/uploads\/2026\/01\/image-61.jpg 2048w\" sizes=\"auto, (max-width: 1024px) 100vw, 1024px\" \/><\/figure>\n<\/figure>\n\n\n\n<h3 class=\"wp-block-heading\"><strong>Brasero et tourne-broche pour vos \u00e9v\u00e9nements<\/strong><\/h3>\n\n\n\n<p>Nous proposons des prestations brasero et tourne-broche pour mariages, f\u00eates de famille, \u00e9v\u00e9nements priv\u00e9s ou professionnels.<br>Des viandes issues de la ferme, une cuisson au feu ma\u00eetris\u00e9e et une cuisine simple, g\u00e9n\u00e9reuse et conviviale.<\/p>\n\n\n\n<p>Prestations sur devis, \u00e0 partir de <strong>25 \u00e0 30 personnes<\/strong>, jusqu\u2019\u00e0 <strong>250 \u00e0 300 personnes<\/strong> selon les \u00e9v\u00e9nements.<\/p>\n\n\n\n<p><em>Prix sur devis, selon le nombre de personnes et le type d\u2019\u00e9v\u00e9nement.<\/em><\/p>\n\n\n\n<div class=\"wp-block-buttons is-layout-flex wp-block-buttons-is-layout-flex\">\n<div class=\"wp-block-button\"><a class=\"wp-block-button__link has-vivid-red-background-color has-background wp-element-button\" href=\"https:\/\/maisoncrouzet.fr\/index.php\/ou-nous-retrouver\/\"><strong>Nous contacter<\/strong><\/a><\/div>\n<\/div>\n\n\n<div class=\"wp-block-image\">\n<figure class=\"aligncenter size-large is-resized\" id=\"agri\"><img loading=\"lazy\" decoding=\"async\" width=\"1024\" height=\"506\" src=\"http:\/\/maisoncrouzet.fr\/wp-content\/uploads\/2026\/01\/Hay-1-1024x506.png\" alt=\"\" class=\"wp-image-438\" style=\"width:154px;height:auto\" srcset=\"https:\/\/maisoncrouzet.fr\/wp-content\/uploads\/2026\/01\/Hay-1-1024x506.png 1024w, https:\/\/maisoncrouzet.fr\/wp-content\/uploads\/2026\/01\/Hay-1-300x148.png 300w, https:\/\/maisoncrouzet.fr\/wp-content\/uploads\/2026\/01\/Hay-1-768x380.png 768w, https:\/\/maisoncrouzet.fr\/wp-content\/uploads\/2026\/01\/Hay-1-600x297.png 600w, https:\/\/maisoncrouzet.fr\/wp-content\/uploads\/2026\/01\/Hay-1.png 1517w\" sizes=\"auto, (max-width: 1024px) 100vw, 1024px\" \/><\/figure>\n<\/div>\n\n\n<h2 class=\"wp-block-heading has-text-align-center has-text-color has-link-color wp-elements-0942cf2779f1bd3e514d238ece504e9e\" style=\"color:#c91009\">Travaux agricoles<\/h2>\n\n\n\n<figure class=\"wp-block-gallery has-nested-images columns-default is-cropped wp-block-gallery-2 is-layout-flex wp-block-gallery-is-layout-flex\">\n<figure class=\"wp-block-image size-large\"><img loading=\"lazy\" decoding=\"async\" width=\"1024\" height=\"768\" data-id=\"540\" src=\"http:\/\/maisoncrouzet.fr\/wp-content\/uploads\/2026\/01\/518111384_1271933454721272_6127443849667290493_n-1024x768.jpg\" alt=\"\" class=\"wp-image-540\" srcset=\"https:\/\/maisoncrouzet.fr\/wp-content\/uploads\/2026\/01\/518111384_1271933454721272_6127443849667290493_n-1024x768.jpg 1024w, https:\/\/maisoncrouzet.fr\/wp-content\/uploads\/2026\/01\/518111384_1271933454721272_6127443849667290493_n-300x225.jpg 300w, https:\/\/maisoncrouzet.fr\/wp-content\/uploads\/2026\/01\/518111384_1271933454721272_6127443849667290493_n-768x576.jpg 768w, https:\/\/maisoncrouzet.fr\/wp-content\/uploads\/2026\/01\/518111384_1271933454721272_6127443849667290493_n-1536x1152.jpg 1536w, https:\/\/maisoncrouzet.fr\/wp-content\/uploads\/2026\/01\/518111384_1271933454721272_6127443849667290493_n-600x450.jpg 600w, https:\/\/maisoncrouzet.fr\/wp-content\/uploads\/2026\/01\/518111384_1271933454721272_6127443849667290493_n.jpg 2048w\" sizes=\"auto, (max-width: 1024px) 100vw, 1024px\" \/><\/figure>\n\n\n\n<figure class=\"wp-block-image size-large\"><img loading=\"lazy\" decoding=\"async\" width=\"768\" height=\"1024\" data-id=\"539\" src=\"http:\/\/maisoncrouzet.fr\/wp-content\/uploads\/2026\/01\/499603628_1229011919013426_6620122115508784116_n-768x1024.jpg\" alt=\"\" class=\"wp-image-539\" srcset=\"https:\/\/maisoncrouzet.fr\/wp-content\/uploads\/2026\/01\/499603628_1229011919013426_6620122115508784116_n-768x1024.jpg 768w, https:\/\/maisoncrouzet.fr\/wp-content\/uploads\/2026\/01\/499603628_1229011919013426_6620122115508784116_n-225x300.jpg 225w, https:\/\/maisoncrouzet.fr\/wp-content\/uploads\/2026\/01\/499603628_1229011919013426_6620122115508784116_n-1152x1536.jpg 1152w, https:\/\/maisoncrouzet.fr\/wp-content\/uploads\/2026\/01\/499603628_1229011919013426_6620122115508784116_n-600x800.jpg 600w, https:\/\/maisoncrouzet.fr\/wp-content\/uploads\/2026\/01\/499603628_1229011919013426_6620122115508784116_n.jpg 1536w\" sizes=\"auto, (max-width: 768px) 100vw, 768px\" \/><\/figure>\n\n\n\n<figure class=\"wp-block-image size-large\"><img loading=\"lazy\" decoding=\"async\" width=\"1024\" height=\"768\" data-id=\"500\" src=\"http:\/\/maisoncrouzet.fr\/wp-content\/uploads\/2026\/01\/520500676_1280958593818758_8724255836672707878_n-2-1024x768.jpg\" alt=\"\" class=\"wp-image-500\" srcset=\"https:\/\/maisoncrouzet.fr\/wp-content\/uploads\/2026\/01\/520500676_1280958593818758_8724255836672707878_n-2-1024x768.jpg 1024w, https:\/\/maisoncrouzet.fr\/wp-content\/uploads\/2026\/01\/520500676_1280958593818758_8724255836672707878_n-2-300x225.jpg 300w, https:\/\/maisoncrouzet.fr\/wp-content\/uploads\/2026\/01\/520500676_1280958593818758_8724255836672707878_n-2-768x576.jpg 768w, https:\/\/maisoncrouzet.fr\/wp-content\/uploads\/2026\/01\/520500676_1280958593818758_8724255836672707878_n-2-1536x1152.jpg 1536w, https:\/\/maisoncrouzet.fr\/wp-content\/uploads\/2026\/01\/520500676_1280958593818758_8724255836672707878_n-2.jpg 2048w\" sizes=\"auto, (max-width: 1024px) 100vw, 1024px\" \/><\/figure>\n<\/figure>\n\n\n\n<h3 class=\"wp-block-heading\"><strong>Travaux agricoles et prestations de service<\/strong><\/h3>\n\n\n\n<p>Nous proposons \u00e9galement des prestations de service agricoles dans un rayon d\u2019environ <strong>50 km \u00e0 vol d\u2019oiseau autour de Salon-de-Provence<\/strong>.<\/p>\n\n\n\n<p>Travaux de fauchage, fenaison, labour, semis de bl\u00e9 et d\u00e9chaumage, r\u00e9alis\u00e9s avec le mat\u00e9riel de la ferme et dans le respect des sols et des saisons.<\/p>\n\n\n\n<div class=\"wp-block-buttons is-layout-flex wp-block-buttons-is-layout-flex\">\n<div class=\"wp-block-button\"><a class=\"wp-block-button__link has-vivid-red-background-color has-background wp-element-button\" href=\"https:\/\/maisoncrouzet.fr\/index.php\/ou-nous-retrouver\/\"><strong>Nous contacter<\/strong><\/a><\/div>\n<\/div>\n","protected":false},"excerpt":{"rendered":"<p>\u00c0 la ferme, on ne fait pas que produire et vendre.On met aussi notre savoir-faire au service des particuliers et des professionnels, autour de la cuisine au feu et des travaux agricoles. Brasero &amp; Tourne-broche Brasero et tourne-broche pour vos \u00e9v\u00e9nements Nous proposons des prestations brasero et tourne-broche pour mariages, f\u00eates de famille, \u00e9v\u00e9nements priv\u00e9s &hellip; <\/p>\n<p class=\"link-more\"><a href=\"https:\/\/maisoncrouzet.fr\/index.php\/nos-prestations-a-la-ferme-et-ailleurs\/\" class=\"more-link\">Continue reading<span class=\"screen-reader-text\"> \u00ab\u00a0Nos prestations, \u00e0 la ferme et ailleurs\u00a0\u00bb<\/span><\/a><\/p>\n","protected":false},"author":1,"featured_media":0,"parent":0,"menu_order":0,"comment_status":"closed","ping_status":"closed","template":"","meta":{"footnotes":""},"class_list":["post-600","page","type-page","status-publish","hentry"],"jetpack_sharing_enabled":true,"_links":{"self":[{"href":"https:\/\/maisoncrouzet.fr\/index.php\/wp-json\/wp\/v2\/pages\/600","targetHints":{"allow":["GET"]}}],"collection":[{"href":"https:\/\/maisoncrouzet.fr\/index.php\/wp-json\/wp\/v2\/pages"}],"about":[{"href":"https:\/\/maisoncrouzet.fr\/index.php\/wp-json\/wp\/v2\/types\/page"}],"author":[{"embeddable":true,"href":"https:\/\/maisoncrouzet.fr\/index.php\/wp-json\/wp\/v2\/users\/1"}],"replies":[{"embeddable":true,"href":"https:\/\/maisoncrouzet.fr\/index.php\/wp-json\/wp\/v2\/comments?post=600"}],"version-history":[{"count":8,"href":"https:\/\/maisoncrouzet.fr\/index.php\/wp-json\/wp\/v2\/pages\/600\/revisions"}],"predecessor-version":[{"id":810,"href":"https:\/\/maisoncrouzet.fr\/index.php\/wp-json\/wp\/v2\/pages\/600\/revisions\/810"}],"wp:attachment":[{"href":"https:\/\/maisoncrouzet.fr\/index.php\/wp-json\/wp\/v2\/media?parent=600"}],"curies":[{"name":"wp","href":"https:\/\/api.w.org\/{rel}","templated":true}]}}