{"id":491,"date":"2026-01-24T19:25:52","date_gmt":"2026-01-24T19:25:52","guid":{"rendered":"https:\/\/maisoncrouzet.fr\/?page_id=491"},"modified":"2026-04-06T16:20:30","modified_gmt":"2026-04-06T16:20:30","slug":"ou-nous-retrouver","status":"publish","type":"page","link":"https:\/\/maisoncrouzet.fr\/index.php\/ou-nous-retrouver\/","title":{"rendered":"O\u00f9 nous retrouver ?"},"content":{"rendered":"\n<div class=\"wp-block-columns is-layout-flex wp-container-core-columns-is-layout-9d6595d7 wp-block-columns-is-layout-flex\">\n<div class=\"wp-block-column is-layout-flow wp-block-column-is-layout-flow\">\n<h2 class=\"wp-block-heading has-vivid-red-color has-text-color has-link-color wp-elements-e4c747d4bc6b6398f98e03df9ed61e6f\"><strong>Sur les march\u00e9s<\/strong><\/h2>\n\n\n\n<p class=\"has-text-align-left\"><strong>P\u00e9lissanne<\/strong> &#8211; place Pisavis<br>Mercredi matin<\/p>\n\n\n\n<p class=\"has-text-align-left\"><strong>Berre l&rsquo;Etang<\/strong> &#8211; parking covoiturage<strong><br><\/strong>Mardi soir<br>Samedi matin<\/p>\n\n\n\n<p class=\"has-text-align-left\"><strong>Plan de Campagne<\/strong> &#8211; Halles des producteurs<br>Lundi apr\u00e8s-midi<br>Mercredi apr\u00e8s-midi<\/p>\n\n\n\n<p class=\"has-text-align-left\"><strong>S\u00e9nas<\/strong> &#8211; face au Contr\u00f4le Technique<br>Samedi matin<\/p>\n<\/div>\n\n\n\n<div class=\"wp-block-column is-layout-flow wp-block-column-is-layout-flow\">\n<h2 class=\"wp-block-heading has-vivid-red-color has-text-color has-link-color wp-elements-d8137118f26ae08a5956885c988fdf47\"><strong>A la ferme<\/strong><\/h2>\n\n\n\n<p class=\"has-text-align-left\"><strong>Salon-de-Provence<\/strong><br>Chemin des Aubes<\/p>\n\n\n\n<p class=\"has-text-align-left\">Mercredi et vendredi<br>10:00 \u2013 12:00<br>14:30 \u2013 18:00<\/p>\n\n\n\n<h2 class=\"wp-block-heading has-text-align-left has-text-color has-link-color has-medium-font-size wp-elements-e4a3e90047779093dd740fc0888ce229\" style=\"color:#c91009\"><strong>Nous contacter<\/strong><\/h2>\n\n\n\n<p class=\"has-text-align-left\"><strong>Par t\u00e9l\u00e9phone<br><\/strong><a href=\"tel:0662154663\">06 62 15 46 63<\/a><\/p>\n\n\n\n<div class=\"wp-block-jetpack-send-a-message\">\n<div class=\"wp-block-jetpack-whatsapp-button is-color-dark\"><a class=\"whatsapp-block__button\" href=\"https:\/\/api.whatsapp.com\/send?phone=33662154663&amp;text=Bonjour%20J%C3%A9r%C3%B4me%20!\" style=\"background-color:#25D366;color:#fff\" target=\"_self\" rel=\"noopener noreferrer\">Discuter sur WhatsApp<\/a><\/div>\n<\/div>\n\n\n\n<p class=\"has-text-align-left\"><strong>Par email<br><\/strong><a href=\"mailto:contact@maisoncrouzet.fr\">contact@maisoncrouzet.fr<\/a><\/p>\n<\/div>\n<\/div>\n\n\n\n<h2 class=\"wp-block-heading has-vivid-red-color has-text-color has-link-color wp-elements-af8abecbca410d5846312cfe863b09a3\"><strong>Les commerces o\u00f9 retrouver nos produits<\/strong><\/h2>\n\n\n\n<div class=\"wp-block-columns is-layout-flex wp-container-core-columns-is-layout-9d6595d7 wp-block-columns-is-layout-flex\">\n<div class=\"wp-block-column is-layout-flow wp-block-column-is-layout-flow\">\n<p><strong>\u00c0 la ferme \u2013 Pont Royal<br><\/strong>Chemin des Caminets, 13370 Mallemort<br><em>Du lundi au samedi<\/em><br><em>09h30 \u2013 12h30 \u00b7 15h00 \u2013 19h00<\/em><\/p>\n\n\n\n<p><strong>Le Coin des Paysans<br><\/strong>D159, 13610 Le Puy-Sainte-R\u00e9parade<br><em>Du lundi au samedi<\/em><br><em>10h00 \u2013 19h00<\/em><\/p>\n\n\n\n<p><strong>Auvrai<br><\/strong>1120 avenue Roumanille, 13600 La Ciotat<br><em>Du lundi au samedi<\/em><br><em>08h00 \u2013 13h00 \u00b7 15h00 \u2013 19h00<\/em><\/p>\n<\/div>\n\n\n\n<div class=\"wp-block-column is-layout-flow wp-block-column-is-layout-flow\">\n<p><strong>Terres d\u2019Hy\u00e8res<br><\/strong>272 chemin de Saint-Martin<br>83400 Hy\u00e8res<br><em>Mardi, mercredi, vendredi, samedi<\/em><br><em>10h00 \u2013 13h00 \u00b7 15h30 \u2013 18h30<\/em><\/p>\n\n\n\n<p><strong>Domaine de Trucco<br><\/strong>RD 554, 83210 Solli\u00e8s-Toucas<br><em>Du lundi au samedi<\/em><br><em>09h00 \u2013 19h00<\/em><\/p>\n\n\n\n<p><strong>Les Saveurs de Valabre<br><\/strong>1015 chemin du Moulin du Fort<br>13120 Gardanne<br><em>Mardi, jeudi 14h00 \u2013 18h00<\/em><br><em>Mercredi, vendredi<\/em><br><em>10h00 \u2013 13h00 \u00b7 14h00 \u2013 18h00<\/em><br><em>Samedi 10h00 \u2013 13h00<\/em><\/p>\n<\/div>\n<\/div>\n\n\n\n<div class=\"wp-block-jetpack-send-a-message\">\n<div class=\"wp-block-jetpack-whatsapp-button is-color-dark\"><a class=\"whatsapp-block__button\" href=\"https:\/\/api.whatsapp.com\/send?phone=&amp;text=Bonjour%2C%20j%E2%80%99ai%20trouv%C3%A9%20vos%20informations%20WhatsApp%20sur%20votre%20site%20Web.\" style=\"background-color:#25D366;color:#fff\" target=\"_self\" rel=\"noopener noreferrer\">Discuter sur WhatsApp<\/a><\/div>\n<\/div>\n\n\n<div class=\"wp-block-image\">\n<figure class=\"aligncenter size-large is-resized\" id=\"foin\"><img loading=\"lazy\" decoding=\"async\" width=\"1024\" height=\"506\" src=\"https:\/\/maisoncrouzet.fr\/wp-content\/uploads\/2026\/01\/Hay-1-1024x506.png\" alt=\"\" class=\"wp-image-438\" style=\"aspect-ratio:2.022725562495297;object-fit:contain;width:243px;height:auto\" srcset=\"https:\/\/maisoncrouzet.fr\/wp-content\/uploads\/2026\/01\/Hay-1-1024x506.png 1024w, https:\/\/maisoncrouzet.fr\/wp-content\/uploads\/2026\/01\/Hay-1-300x148.png 300w, https:\/\/maisoncrouzet.fr\/wp-content\/uploads\/2026\/01\/Hay-1-768x380.png 768w, https:\/\/maisoncrouzet.fr\/wp-content\/uploads\/2026\/01\/Hay-1-600x297.png 600w, https:\/\/maisoncrouzet.fr\/wp-content\/uploads\/2026\/01\/Hay-1.png 1517w\" sizes=\"auto, (max-width: 1024px) 100vw, 1024px\" \/><\/figure>\n<\/div>\n\n\n<h2 class=\"wp-block-heading has-text-align-center\">Se rendre \u00e0 la ferme<\/h2>\n\n\n\n<div class=\"wp-block-group\"><div class=\"wp-block-group__inner-container is-layout-constrained wp-block-group-is-layout-constrained\">\n<div class=\"wp-block-columns is-layout-flex wp-container-core-columns-is-layout-9d6595d7 wp-block-columns-is-layout-flex\">\n<div class=\"wp-block-column is-layout-flow wp-block-column-is-layout-flow\" style=\"flex-basis:100%\">\n<iframe src=\"https:\/\/www.google.com\/maps\/embed?pb=!1m18!1m12!1m3!1d3002.738490556257!2d5.086477476140285!3d43.66404585172923!2m3!1f0!2f0!3f0!3m2!1i1024!2i768!4f13.1!3m3!1m2!1s0x12c9ff228a203f29%3A0xf8f2cb3f3abfacf4!2sJ%C3%A9r%C3%B4me%20Crouzet%20-%20Vente%20directe%20de%20viande!5e1!3m2!1sfr!2sfr!4v1769342311765!5m2!1sfr!2sfr\" width=\"100%\" height=\"750\" style=\"border:0;\" allowfullscreen=\"\" loading=\"lazy\" referrerpolicy=\"no-referrer-when-downgrade\"><\/iframe>\n<\/div>\n<\/div>\n<\/div><\/div>\n","protected":false},"excerpt":{"rendered":"<p>Sur les march\u00e9s P\u00e9lissanne &#8211; place PisavisMercredi matin Berre l&rsquo;Etang &#8211; parking covoiturageMardi soirSamedi matin Plan de Campagne &#8211; Halles des producteursLundi apr\u00e8s-midiMercredi apr\u00e8s-midi S\u00e9nas &#8211; face au Contr\u00f4le TechniqueSamedi matin A la ferme Salon-de-ProvenceChemin des Aubes Mercredi et vendredi10:00 \u2013 12:0014:30 \u2013 18:00 Nous contacter Par t\u00e9l\u00e9phone06 62 15 46 63 Par emailcontact@maisoncrouzet.fr Les &hellip; <\/p>\n<p class=\"link-more\"><a href=\"https:\/\/maisoncrouzet.fr\/index.php\/ou-nous-retrouver\/\" class=\"more-link\">Continue reading<span class=\"screen-reader-text\"> \u00ab\u00a0O\u00f9 nous retrouver ?\u00a0\u00bb<\/span><\/a><\/p>\n","protected":false},"author":1,"featured_media":0,"parent":0,"menu_order":0,"comment_status":"closed","ping_status":"closed","template":"","meta":{"footnotes":""},"class_list":["post-491","page","type-page","status-publish","hentry"],"jetpack_sharing_enabled":true,"_links":{"self":[{"href":"https:\/\/maisoncrouzet.fr\/index.php\/wp-json\/wp\/v2\/pages\/491","targetHints":{"allow":["GET"]}}],"collection":[{"href":"https:\/\/maisoncrouzet.fr\/index.php\/wp-json\/wp\/v2\/pages"}],"about":[{"href":"https:\/\/maisoncrouzet.fr\/index.php\/wp-json\/wp\/v2\/types\/page"}],"author":[{"embeddable":true,"href":"https:\/\/maisoncrouzet.fr\/index.php\/wp-json\/wp\/v2\/users\/1"}],"replies":[{"embeddable":true,"href":"https:\/\/maisoncrouzet.fr\/index.php\/wp-json\/wp\/v2\/comments?post=491"}],"version-history":[{"count":14,"href":"https:\/\/maisoncrouzet.fr\/index.php\/wp-json\/wp\/v2\/pages\/491\/revisions"}],"predecessor-version":[{"id":885,"href":"https:\/\/maisoncrouzet.fr\/index.php\/wp-json\/wp\/v2\/pages\/491\/revisions\/885"}],"wp:attachment":[{"href":"https:\/\/maisoncrouzet.fr\/index.php\/wp-json\/wp\/v2\/media?parent=491"}],"curies":[{"name":"wp","href":"https:\/\/api.w.org\/{rel}","templated":true}]}}